{"id":124,"date":"2022-06-01T20:15:26","date_gmt":"2022-06-01T20:15:26","guid":{"rendered":"https:\/\/descolonizachat.chat-arch.org\/?page_id=124"},"modified":"2022-09-07T02:15:58","modified_gmt":"2022-09-07T02:15:58","slug":"decolonize","status":"publish","type":"page","link":"https:\/\/descolonizachat.chat-arch.org\/","title":{"rendered":"Decolonize!"},"content":{"rendered":"\n<figure class=\"wp-block-image size-large\"><img loading=\"lazy\" decoding=\"async\" width=\"836\" height=\"1024\" src=\"https:\/\/descolonizachat.chat-arch.org\/wp-content\/uploads\/2022\/06\/FMJLJ07WUAUGT0s-836x1024.jpeg\" alt=\"\" class=\"wp-image-128\" srcset=\"https:\/\/descolonizachat.chat-arch.org\/wp-content\/uploads\/2022\/06\/FMJLJ07WUAUGT0s-836x1024.jpeg 836w, https:\/\/descolonizachat.chat-arch.org\/wp-content\/uploads\/2022\/06\/FMJLJ07WUAUGT0s-245x300.jpeg 245w, https:\/\/descolonizachat.chat-arch.org\/wp-content\/uploads\/2022\/06\/FMJLJ07WUAUGT0s-768x941.jpeg 768w, https:\/\/descolonizachat.chat-arch.org\/wp-content\/uploads\/2022\/06\/FMJLJ07WUAUGT0s.jpeg 978w\" sizes=\"auto, (max-width: 836px) 100vw, 836px\" \/><\/figure>\n\n\n\n<p>The next Contemporary and Historical Archaeology in Theory meeting will be held in Lisbon on November 10-12, 2022. But why Lisbon?<\/p>\n\n\n\n<p>Many archaeologists have been engaging with current debates on the decolonization of the discipline. However, very little has been said about the impact of these discussions in the field of historical and contemporary archaeology.<\/p>\n\n\n\n<p>Is the decolonial movement changing the kinds of questions we ask? Our methods? There\u2019s a lot to talk about and some of us will certainly bring it up in Lisbon.<\/p>\n\n\n\n<p>Lisbon is one of the largest open-air museums of colonialism in Europe. Every corner will remind you of a past that is not past yet in the shape of a statue, a tropical tree, a pastry shop, a street name honoring some conqueror.<\/p>\n\n\n\n<p>Like in many other towns across the continent, coloniality lingers on the streets, is embedded in our things, and shapes everyone\u2019s lives. Many of us are questioning this state of affairs. No surprises here. Can we archaeologists do anything about this?<\/p>\n\n\n\n<p>The event\u2019s image was inspired by a story that tells a lot about contemporary discussions on the legacies of colonialism. In 2017, the city got a new statue honoring Jesuit Ant\u00f3nio Vieira, known for his missionary work in Brazil and his eloquent sermons. Vieira was also known for standing up against the enslavement of Brazil\u2019s indigenous communities while supporting the enslavement of Africans.<\/p>\n\n\n\n<figure class=\"wp-block-image size-large\"><img loading=\"lazy\" decoding=\"async\" width=\"1024\" height=\"683\" src=\"https:\/\/descolonizachat.chat-arch.org\/wp-content\/uploads\/2022\/06\/FMJfKIFXsA4P98r-1024x683.jpeg\" alt=\"\" class=\"wp-image-125\" srcset=\"https:\/\/descolonizachat.chat-arch.org\/wp-content\/uploads\/2022\/06\/FMJfKIFXsA4P98r-1024x683.jpeg 1024w, https:\/\/descolonizachat.chat-arch.org\/wp-content\/uploads\/2022\/06\/FMJfKIFXsA4P98r-300x200.jpeg 300w, https:\/\/descolonizachat.chat-arch.org\/wp-content\/uploads\/2022\/06\/FMJfKIFXsA4P98r-768x512.jpeg 768w, https:\/\/descolonizachat.chat-arch.org\/wp-content\/uploads\/2022\/06\/FMJfKIFXsA4P98r-1536x1024.jpeg 1536w, https:\/\/descolonizachat.chat-arch.org\/wp-content\/uploads\/2022\/06\/FMJfKIFXsA4P98r-1200x800.jpeg 1200w, https:\/\/descolonizachat.chat-arch.org\/wp-content\/uploads\/2022\/06\/FMJfKIFXsA4P98r-1980x1320.jpeg 1980w, https:\/\/descolonizachat.chat-arch.org\/wp-content\/uploads\/2022\/06\/FMJfKIFXsA4P98r.jpeg 2048w\" sizes=\"auto, (max-width: 1024px) 100vw, 1024px\" \/><figcaption>Statue of Ant\u00f3nio Vieira. Photo by Rui Gaud\u00eancio (Municipality of Lisbon)<\/figcaption><\/figure>\n\n\n\n<p>Do you wonder why would anyone think of doing a statue like this in the 21st century? Many people asked the same. The statue became a focus point for decolonial demonstrations as soon as it was built. Right-wing extremists responded by occupying the <a href=\"https:\/\/goo.gl\/maps\/AdSod6ipvb5PKu6j9\">plaza<\/a> and threatening protesters.<\/p>\n\n\n\n<p>More recently, an anonymous artist graffitied the statue with the word \u201cDescoloniza\u201d (Decolonize), painted hearts on the indigenous kids, and sprayed the priest\u2019s body as if he was stained with blood.<\/p>\n\n\n\n<figure class=\"wp-block-image size-large\"><img loading=\"lazy\" decoding=\"async\" width=\"1024\" height=\"768\" src=\"https:\/\/descolonizachat.chat-arch.org\/wp-content\/uploads\/2022\/06\/FMJgaJ9XwAYzvGL-1-1024x768.jpeg\" alt=\"\" class=\"wp-image-127\" srcset=\"https:\/\/descolonizachat.chat-arch.org\/wp-content\/uploads\/2022\/06\/FMJgaJ9XwAYzvGL-1-1024x768.jpeg 1024w, https:\/\/descolonizachat.chat-arch.org\/wp-content\/uploads\/2022\/06\/FMJgaJ9XwAYzvGL-1-300x225.jpeg 300w, https:\/\/descolonizachat.chat-arch.org\/wp-content\/uploads\/2022\/06\/FMJgaJ9XwAYzvGL-1-768x576.jpeg 768w, https:\/\/descolonizachat.chat-arch.org\/wp-content\/uploads\/2022\/06\/FMJgaJ9XwAYzvGL-1-1536x1152.jpeg 1536w, https:\/\/descolonizachat.chat-arch.org\/wp-content\/uploads\/2022\/06\/FMJgaJ9XwAYzvGL-1-1200x900.jpeg 1200w, https:\/\/descolonizachat.chat-arch.org\/wp-content\/uploads\/2022\/06\/FMJgaJ9XwAYzvGL-1.jpeg 1920w\" sizes=\"auto, (max-width: 1024px) 100vw, 1024px\" \/><figcaption>The statue of Ant\u00f3nio Vieira in 2020. Photo by Paulo Louren\u00e7o (Jornal de Not\u00edcias)<\/figcaption><\/figure>\n\n\n\n<p>The graffiti were quickly cleaned. Yet, the artist\u2019s powerful message stayed with us and inspired <a href=\"http:\/\/krizanac.net\" data-type=\"URL\" data-id=\"krizanac.net\">Nikola Krizanac<\/a> to create this image for the CHAT conference. <\/p>\n\n\n\n<p>Hope you\u2019ll feel inspired too, and join us in Lisbon in November!<\/p>\n\n\n\n<p><\/p>\n\n\n\n<p><\/p>\n\n\n\n<p><\/p>\n","protected":false},"excerpt":{"rendered":"<p>The next Contemporary and Historical Archaeology in Theory meeting will be held in Lisbon on November 10-12, 2022. But why Lisbon? Many archaeologists have been engaging with current debates on the decolonization of the discipline. However, very little has been said about the impact of these discussions in the field of historical and contemporary archaeology. [&hellip;]<\/p>\n","protected":false},"author":1,"featured_media":0,"parent":0,"menu_order":1,"comment_status":"closed","ping_status":"closed","template":"","meta":{"footnotes":""},"class_list":["post-124","page","type-page","status-publish","hentry"],"_links":{"self":[{"href":"https:\/\/descolonizachat.chat-arch.org\/index.php?rest_route=\/wp\/v2\/pages\/124","targetHints":{"allow":["GET"]}}],"collection":[{"href":"https:\/\/descolonizachat.chat-arch.org\/index.php?rest_route=\/wp\/v2\/pages"}],"about":[{"href":"https:\/\/descolonizachat.chat-arch.org\/index.php?rest_route=\/wp\/v2\/types\/page"}],"author":[{"embeddable":true,"href":"https:\/\/descolonizachat.chat-arch.org\/index.php?rest_route=\/wp\/v2\/users\/1"}],"replies":[{"embeddable":true,"href":"https:\/\/descolonizachat.chat-arch.org\/index.php?rest_route=%2Fwp%2Fv2%2Fcomments&post=124"}],"version-history":[{"count":1,"href":"https:\/\/descolonizachat.chat-arch.org\/index.php?rest_route=\/wp\/v2\/pages\/124\/revisions"}],"predecessor-version":[{"id":129,"href":"https:\/\/descolonizachat.chat-arch.org\/index.php?rest_route=\/wp\/v2\/pages\/124\/revisions\/129"}],"wp:attachment":[{"href":"https:\/\/descolonizachat.chat-arch.org\/index.php?rest_route=%2Fwp%2Fv2%2Fmedia&parent=124"}],"curies":[{"name":"wp","href":"https:\/\/api.w.org\/{rel}","templated":true}]}}